{"id":217,"date":"2020-04-30T18:21:29","date_gmt":"2020-04-30T16:21:29","guid":{"rendered":"http:\/\/gethome.lu\/?page_id=217"},"modified":"2024-09-28T09:15:10","modified_gmt":"2024-09-28T07:15:10","slug":"immo-fr","status":"publish","type":"page","link":"https:\/\/gethome.lu\/index.php\/immo-fr\/","title":{"rendered":"GET HOME LUXEMBOURG"},"content":{"rendered":"\n<h2 class=\"wp-block-heading\">LES SERVICES DE L&#8217;AGENCE IMMOBILI\u00c8RE<\/h2>\n\n\n\n<p><\/p>\n\n\n\n<div class=\"wp-block-columns is-layout-flex wp-container-core-columns-is-layout-1 wp-block-columns-is-layout-flex\">\n<div class=\"wp-block-column is-layout-flow wp-block-column-is-layout-flow\" style=\"flex-basis:100%\">\n<p><\/p>\n<\/div>\n<\/div>\n\n\n\n<h5 class=\"wp-block-heading has-text-align-left\">LOCATION<br>pr\u00e9paration de dossier, recherche de locataires fiables, recherche d&#8217;appartements pour locataires<\/h5>\n\n\n\n<p>&#8212;<\/p>\n\n\n\n<h5 class=\"wp-block-heading has-text-align-left\">CONSEIL \/ ESTIMATION \/ VENTE<br>conseil et estimation de votre bien immobilier<\/h5>\n\n\n\n<p>&#8212;<\/p>\n\n\n\n<h5 class=\"wp-block-heading has-text-align-left\">INT\u00c9RIEURS<br>conseil sur place pour les r\u00e9novations \/ recommandation d&#8217;entreprises professionnelles et qualifi\u00e9es<br><\/h5>\n\n\n\n<div class=\"wp-block-columns is-layout-flex wp-container-core-columns-is-layout-2 wp-block-columns-is-layout-flex\">\n<div class=\"wp-block-column is-layout-flow wp-block-column-is-layout-flow\" style=\"flex-basis:100%\">\n<p><\/p>\n\n\n\n<div class=\"wp-block-buttons is-layout-flex wp-block-buttons-is-layout-flex\">\n<div class=\"wp-block-button is-style-outline is-style-outline--1\"><a class=\"wp-block-button__link has-black-color has-white-background-color has-text-color has-background wp-element-button\" href=\"https:\/\/gethome.lu\/index.php\/contact\/\" style=\"border-radius:38px\" target=\"_blank\" rel=\"noreferrer noopener\"><mark style=\"background-color:rgba(0, 0, 0, 0)\" class=\"has-inline-color has-black-color\">Prendre contact maintenant<\/mark><\/a><\/div>\n<\/div>\n<\/div>\n<\/div>\n\n\n\n<hr class=\"wp-block-separator has-css-opacity\"\/>\n\n\n\n<h5 class=\"wp-block-heading has-small-font-size\">ACTUALIT\u00c9S &amp; INFORMATION &#8211; AIDE AU LOGEMENT, LOCATION, ACHAT, VENTE<\/h5>\n\n\n\n<h5 class=\"wp-block-heading has-small-font-size\"><a class=\"rank-math-link\" href=\"https:\/\/guichet.public.lu\/fr\/citoyens\/logement.html\" target=\"_blank\" rel=\"noopener\">https:\/\/guichet.public.lu\/fr\/citoyens\/logement.html<\/a><\/h5>\n\n\n\n<h5 class=\"wp-block-heading has-small-font-size\"><a class=\"rank-math-link\" href=\"https:\/\/logement.public.lu\/fr.html\" target=\"_blank\" rel=\"noopener\">https:\/\/logement.public.lu\/fr.html<\/a><\/h5>\n\n\n\n<hr class=\"wp-block-separator has-css-opacity\"\/>\n\n\n\n<div class=\"wp-block-columns is-layout-flex wp-container-core-columns-is-layout-3 wp-block-columns-is-layout-flex\">\n<div class=\"wp-block-column is-layout-flow wp-block-column-is-layout-flow\" style=\"flex-basis:100%\">\n<h3 class=\"wp-block-heading has-medium-font-size\">    Un conseil professionnel pour vos besoins<\/h3>\n<\/div>\n<\/div>\n\n\n\n<figure class=\"wp-block-image size-large\"><img loading=\"lazy\" decoding=\"async\" width=\"1024\" height=\"1020\" src=\"https:\/\/gethome.lu\/wp-content\/uploads\/2020\/10\/projet-60-1024x1020.jpeg\" alt=\"\" class=\"wp-image-686\" srcset=\"https:\/\/gethome.lu\/wp-content\/uploads\/2020\/10\/projet-60-1024x1020.jpeg 1024w, https:\/\/gethome.lu\/wp-content\/uploads\/2020\/10\/projet-60-300x300.jpeg 300w, https:\/\/gethome.lu\/wp-content\/uploads\/2020\/10\/projet-60-150x150.jpeg 150w, https:\/\/gethome.lu\/wp-content\/uploads\/2020\/10\/projet-60-768x765.jpeg 768w, https:\/\/gethome.lu\/wp-content\/uploads\/2020\/10\/projet-60.jpeg 1125w\" sizes=\"auto, (max-width: 1024px) 100vw, 1024px\" \/><\/figure>\n\n\n\n<h5 class=\"wp-block-heading has-text-align-center\" id=\"block-94cd804b-eceb-4c1a-899a-943e4b07c90e\"> &#8220;Apr\u00e8s certaines interventions pour moderniser les int\u00e9rieurs, <br>pour ces propri\u00e9taires les revenus locatifs se sont carr\u00e9ment doubl\u00e9s !&#8221;<\/h5>\n\n\n\n<div class=\"wp-block-columns is-layout-flex wp-container-core-columns-is-layout-5 wp-block-columns-is-layout-flex\">\n<div class=\"wp-block-column is-layout-flow wp-block-column-is-layout-flow\" style=\"flex-basis:100%\">\n<div class=\"wp-block-columns is-layout-flex wp-container-core-columns-is-layout-4 wp-block-columns-is-layout-flex\">\n<div class=\"wp-block-column is-layout-flow wp-block-column-is-layout-flow\" style=\"flex-basis:100%\"><\/div>\n<\/div>\n\n\n\n<div class=\"wp-block-buttons is-layout-flex wp-block-buttons-is-layout-flex\">\n<div class=\"wp-block-button is-style-outline is-style-outline--2\"><a class=\"wp-block-button__link has-black-color has-white-background-color has-text-color has-background wp-element-button\" href=\"https:\/\/gethome.lu\/index.php\/contact\/\" style=\"border-radius:38px\" target=\"_blank\" rel=\"noreferrer noopener\"><mark style=\"background-color:rgba(0, 0, 0, 0)\" class=\"has-inline-color has-black-color\">Prendre contact maintenant<\/mark><\/a><\/div>\n<\/div>\n<\/div>\n<\/div>\n","protected":false},"excerpt":{"rendered":"<p>LES SERVICES DE L&#8217;AGENCE IMMOBILI\u00c8RE LOCATIONpr\u00e9paration de dossier, recherche de locataires fiables, recherche d&#8217;appartements pour locataires &#8212; CONSEIL \/ ESTIMATION \/ VENTEconseil et estimation de votre bien immobilier &#8212; INT\u00c9RIEURSconseil sur place pour les r\u00e9novations \/ recommandation d&#8217;entreprises professionnelles et qualifi\u00e9es ACTUALIT\u00c9S &amp; INFORMATION &#8211; AIDE AU LOGEMENT, LOCATION, ACHAT, VENTE https:\/\/guichet.public.lu\/fr\/citoyens\/logement.html https:\/\/logement.public.lu\/fr.html Un conseil&hellip; <\/p>\n","protected":false},"author":1,"featured_media":0,"parent":0,"menu_order":0,"comment_status":"closed","ping_status":"closed","template":"","meta":{"footnotes":""},"class_list":["post-217","page","type-page","status-publish","hentry"],"_links":{"self":[{"href":"https:\/\/gethome.lu\/index.php\/wp-json\/wp\/v2\/pages\/217","targetHints":{"allow":["GET"]}}],"collection":[{"href":"https:\/\/gethome.lu\/index.php\/wp-json\/wp\/v2\/pages"}],"about":[{"href":"https:\/\/gethome.lu\/index.php\/wp-json\/wp\/v2\/types\/page"}],"author":[{"embeddable":true,"href":"https:\/\/gethome.lu\/index.php\/wp-json\/wp\/v2\/users\/1"}],"replies":[{"embeddable":true,"href":"https:\/\/gethome.lu\/index.php\/wp-json\/wp\/v2\/comments?post=217"}],"version-history":[{"count":98,"href":"https:\/\/gethome.lu\/index.php\/wp-json\/wp\/v2\/pages\/217\/revisions"}],"predecessor-version":[{"id":1523,"href":"https:\/\/gethome.lu\/index.php\/wp-json\/wp\/v2\/pages\/217\/revisions\/1523"}],"wp:attachment":[{"href":"https:\/\/gethome.lu\/index.php\/wp-json\/wp\/v2\/media?parent=217"}],"curies":[{"name":"wp","href":"https:\/\/api.w.org\/{rel}","templated":true}]}}