{"id":1040,"date":"2022-02-15T11:28:04","date_gmt":"2022-02-15T10:28:04","guid":{"rendered":"http:\/\/gethome.lu\/index.php\/get-home-luxembourg-deutsch-3\/"},"modified":"2024-09-28T09:13:57","modified_gmt":"2024-09-28T07:13:57","slug":"welcome-de","status":"publish","type":"page","link":"https:\/\/gethome.lu\/index.php\/de\/welcome-de\/","title":{"rendered":"GET HOME LUXEMBOURG"},"content":{"rendered":"\n<h5 class=\"wp-block-heading has-text-align-left has-text-align-center has-medium-font-size\">EXCLUSIVE SERVICES BY APPOINTMENT<br><\/h5>\n\n\n\n<figure class=\"wp-block-image size-large is-style-circle-mask\"><img loading=\"lazy\" decoding=\"async\" width=\"819\" height=\"1024\" src=\"https:\/\/gethome.lu\/wp-content\/uploads\/2020\/11\/752aa370-2d8f-421f-b194-20155d8ef999-819x1024.jpg\" alt=\"\" class=\"wp-image-792\" srcset=\"https:\/\/gethome.lu\/wp-content\/uploads\/2020\/11\/752aa370-2d8f-421f-b194-20155d8ef999-819x1024.jpg 819w, https:\/\/gethome.lu\/wp-content\/uploads\/2020\/11\/752aa370-2d8f-421f-b194-20155d8ef999-240x300.jpg 240w, https:\/\/gethome.lu\/wp-content\/uploads\/2020\/11\/752aa370-2d8f-421f-b194-20155d8ef999-768x960.jpg 768w, https:\/\/gethome.lu\/wp-content\/uploads\/2020\/11\/752aa370-2d8f-421f-b194-20155d8ef999-1229x1536.jpg 1229w, https:\/\/gethome.lu\/wp-content\/uploads\/2020\/11\/752aa370-2d8f-421f-b194-20155d8ef999-1638x2048.jpg 1638w, https:\/\/gethome.lu\/wp-content\/uploads\/2020\/11\/752aa370-2d8f-421f-b194-20155d8ef999-scaled.jpg 2048w\" sizes=\"auto, (max-width: 819px) 100vw, 819px\" \/><figcaption class=\"wp-element-caption\"><br><\/figcaption><\/figure>\n\n\n\n<h5 class=\"wp-block-heading has-text-align-center\" style=\"font-size:25px\">GET HOME LUXEMBOURG &#8211; Unser Know-How f\u00fcr Ihr Projekt. <\/h5>\n\n\n\n<h5 class=\"wp-block-heading has-text-align-center\" style=\"font-size:25px\"><br>Von der ersten Beratung bis zum Projektabschluss. <br>Abh\u00e4ngig von den Anforderungen Ihres Projektes definieren wir gemeinsam Ihre Bed\u00fcrfnisse und Ziele.<\/h5>\n\n\n\n<div class=\"wp-block-columns is-layout-flex wp-container-core-columns-is-layout-1 wp-block-columns-is-layout-flex\">\n<div class=\"wp-block-column is-layout-flow wp-block-column-is-layout-flow\" style=\"flex-basis:100%\">\n<p class=\"has-text-align-center\"><\/p>\n<\/div>\n<\/div>\n\n\n\n<div class=\"wp-block-buttons is-layout-flex wp-block-buttons-is-layout-flex\">\n<div class=\"wp-block-button is-style-outline is-style-outline--1\"><a class=\"wp-block-button__link has-black-color has-white-background-color has-text-color has-background wp-element-button\" href=\"https:\/\/gethome.lu\/index.php\/de\/kontakt\/\">KONTAKTIEREN SIE UNS JETZT<\/a><\/div>\n<\/div>\n\n\n\n<p><\/p>\n","protected":false},"excerpt":{"rendered":"<p>EXCLUSIVE SERVICES BY APPOINTMENT GET HOME LUXEMBOURG &#8211; Unser Know-How f\u00fcr Ihr Projekt. Von der ersten Beratung bis zum Projektabschluss. Abh\u00e4ngig von den Anforderungen Ihres Projektes definieren wir gemeinsam Ihre Bed\u00fcrfnisse und Ziele.<\/p>\n","protected":false},"author":1,"featured_media":0,"parent":0,"menu_order":0,"comment_status":"closed","ping_status":"closed","template":"","meta":{"footnotes":""},"class_list":["post-1040","page","type-page","status-publish","hentry"],"_links":{"self":[{"href":"https:\/\/gethome.lu\/index.php\/wp-json\/wp\/v2\/pages\/1040","targetHints":{"allow":["GET"]}}],"collection":[{"href":"https:\/\/gethome.lu\/index.php\/wp-json\/wp\/v2\/pages"}],"about":[{"href":"https:\/\/gethome.lu\/index.php\/wp-json\/wp\/v2\/types\/page"}],"author":[{"embeddable":true,"href":"https:\/\/gethome.lu\/index.php\/wp-json\/wp\/v2\/users\/1"}],"replies":[{"embeddable":true,"href":"https:\/\/gethome.lu\/index.php\/wp-json\/wp\/v2\/comments?post=1040"}],"version-history":[{"count":23,"href":"https:\/\/gethome.lu\/index.php\/wp-json\/wp\/v2\/pages\/1040\/revisions"}],"predecessor-version":[{"id":1479,"href":"https:\/\/gethome.lu\/index.php\/wp-json\/wp\/v2\/pages\/1040\/revisions\/1479"}],"wp:attachment":[{"href":"https:\/\/gethome.lu\/index.php\/wp-json\/wp\/v2\/media?parent=1040"}],"curies":[{"name":"wp","href":"https:\/\/api.w.org\/{rel}","templated":true}]}}